{"id":4090,"date":"2020-04-24T10:13:04","date_gmt":"2020-04-24T01:13:04","guid":{"rendered":"https:\/\/www.med.osaka-u.ac.jp\/pub\/eth\/site-wp\/?page_id=4090"},"modified":"2022-03-17T20:25:12","modified_gmt":"2022-03-17T11:25:12","slug":"elsi","status":"publish","type":"page","link":"https:\/\/www.med.osaka-u.ac.jp\/pub\/eth\/elsi\/","title":{"rendered":"\u81e8\u5e8a\u30b2\u30ce\u30e0\u60c5\u5831\u306e\u5171\u6709\u7b49\u306b\u4fc2\u308bELSI\u3078\u306e\u5bfe\u5fdc"},"content":{"rendered":"<p style=\"text-align: right\"><b><i> >>>\u30d2\u30c8\u30d0\u30ea\u30a2\u30f3\u30c8\u30c7\u30fc\u30bf\u7814\u7a76\u502b\u7406\u52c9\u5f37\u4f1a\u306b\u3064\u3044\u3066\u306f<a href=\"https:\/\/www.med.osaka-u.ac.jp\/pub\/eth\/amed-lecuture\/\" rel=\"noopener\">\u3053\u3061\u3089\u306e\u30da\u30fc\u30b8<\/a>\u3092\u3054\u89a7\u4e0b\u3055\u3044\u3002<\/i><\/b><\/p>\n<h2>\u81e8\u5e8a\u30b2\u30ce\u30e0\u60c5\u5831\u306e\u5171\u6709\u7b49\u306b\u4fc2\u308bELSI\u3078\u306e\u5bfe\u5fdc<\/h2>\n<div class=\"lead\">\n<p>\u30d2\u30c8\u30b2\u30ce\u30e0\u60c5\u5831\u3084\u81e8\u5e8a\u60c5\u5831\u306e\u5171\u6709\u30fb\u53d6\u6271\u3044\u3067\u306e\u9069\u5207\u306a\u5bfe\u5fdc\u7b49\u3001\u81e8\u5e8a\u30b2\u30ce\u30e0\u60c5\u5831\u306e\u5171\u6709\u3068\u30c7\u30fc\u30bf\u30d9\u30fc\u30b9\u69cb\u7bc9\u306b\u304a\u3051\u308bELSI\u3078\u306e\u5bfe\u5fdc\u3084\u502b\u7406\u95a2\u9023\u306e\u8af8\u554f\u984c\u306b\u5bfe\u3057\u3066\u306e\u7814\u7a76\u3092\u884c\u3063\u3066\u3044\u307e\u3059\u3002\u307e\u305f\u3001\u65e5\u672c\u4eba\u75be\u60a3\u30d0\u30ea\u30a2\u30f3\u30c8\u30c7\u30fc\u30bf\u30d9\u30fc\u30b9\uff08MGeND: <a href=\"https:\/\/mgend.med.kyoto-u.ac.jp\" target=\"_blank\" rel=\"noopener\">https:\/\/mgend.med.kyoto-u.ac.jp<\/a> )\u3078\u306e\u30c7\u30fc\u30bf\u767b\u9332\u306b\u4f34\u3046\u502b\u7406\u9762\u3067\u306e\u30b5\u30dd\u30fc\u30c8\u3092\u76ee\u7684\u3068\u3057\u3066\u3001MGeND\u5229\u7528\u898f\u5b9a\u7b56\u5b9a\u306b\u304a\u3051\u308b\u63d0\u6848\u3084\u3001\u767b\u9332\u65b9\u6cd5\u306e\u7d39\u4ecb\u30fb\u81e8\u5e8a\u30b2\u30ce\u30e0\u60c5\u5831\u306e\u5171\u6709\u7b49\u306b\u4fc2\u308bELSI\u7b49\u306b\u3064\u3044\u3066\u60c5\u5831\u5171\u6709\u3092\u884c\u3046\u300c\u30d2\u30c8\u30d0\u30ea\u30a2\u30f3\u30c8\u30c7\u30fc\u30bf\u7814\u7a76\u502b\u7406\u52c9\u5f37\u4f1a\u300d\u3092\u958b\u50ac\u3057\u3066\u3044\u307e\u3059\u3002\u66f4\u306b\u3001GA4GH\u7b49\u3092\u901a\u3057\u305f\u56fd\u969b\u9023\u643a\u3078\u306e\u53c2\u753b\u3068\u3068\u3082\u306b\u3001\u30b2\u30ce\u30e0\u60c5\u5831\u5171\u6709\u30dd\u30ea\u30b7\u30fc\u7b49\u306e\u7b56\u5b9a\u3092\u76ee\u6307\u3057\u3066\u3044\u307e\u3059\u3002<\/p>\n<\/div>\n<h3>\u6982\u8981<\/h3>\n<p>AMED\uff08\u203b1\uff09<a href=\"https:\/\/www.amed.go.jp\/program\/list\/14\/01\/006.html\" target=\"_blank\" rel=\"noopener\">\u81e8\u5e8a\u30b2\u30ce\u30e0\u60c5\u5831\u7d71\u5408\u30c7\u30fc\u30bf\u30d9\u30fc\u30b9\u6574\u5099\u4e8b\u696d\uff08\u81e8\u30b2\u30ce\uff09<\/a>\u3067\u306f\u3001\u65e5\u672c\u4eba\u75be\u60a3\u30d0\u30ea\u30a2\u30f3\u30c8\u30c7\u30fc\u30bf\u30d9\u30fc\u30b9\uff08MGeND: <a href=\"https:\/\/mgend.med.kyoto-u.ac.jp\" target=\"_blank\" rel=\"noopener\">https:\/\/mgend.med.kyoto-u.ac.jp<\/a>)\u30922018\u5e743\u6708\u306b\u516c\u958b\u3057\u3001\u75be\u60a3\u30d0\u30ea\u30a2\u30f3\u30c8\u30c7\u30fc\u30bf\u306e\u767b\u9332\u53d7\u4ed8\u3092\u958b\u59cb\u3057\u307e\u3057\u305f\u3002<\/p>\n<p>\u308f\u305f\u3057\u305f\u3061\u306f\u81e8\u30b2\u30ce\u30fb\u6e9d\u4e0a\u73ed\u306e\u652f\u63f4\u3092\u53d7\u3051\u3001\u56fd\u5185\u30b2\u30ce\u30e0\u7814\u7a76\u3067\u84c4\u7a4d\u3055\u308c\u3066\u304d\u305f\u8cb4\u91cd\u306a\u672a\u516c\u958b\u30c7\u30fc\u30bf\uff08\u30ec\u30ac\u30b7\u30fc\u30c7\u30fc\u30bf\uff09\u3084\u3001\u7db2\u7f85\u7684\u89e3\u6790\uff08GWAS\u3001WGS\u7b49\uff09\u7b49\u3067\u5f97\u3089\u308c\u308b\u30d2\u30c8\u30b2\u30ce\u30e0\u60c5\u5831\u3068\u3001\u81e8\u5e8a\u60c5\u5831\u306e\u5171\u6709\u30fb\u53d6\u6271\u3044\u3067\u306e\u9069\u5207\u306a\u5bfe\u5fdc\u7b49\u3001\u81e8\u5e8a\u30b2\u30ce\u30e0\u60c5\u5831\u306e\u5171\u6709\u3068\u30c7\u30fc\u30bf\u30d9\u30fc\u30b9\u69cb\u7bc9\u306b\u304a\u3051\u308bELSI\u3078\u306e\u5bfe\u5fdc\u3084\u502b\u7406\u95a2\u9023\u306e\u8af8\u554f\u984c\u306b\u5bfe\u3057\u3066\u306e\u7814\u7a76\u3092\u884c\u3063\u3066\u304d\u307e\u3057\u305f\u3002<\/p>\n<p>\u305d\u306e\u6210\u679c\u3092\u3082\u3068\u306b\u3001MGeND\u3078\u306e\u30c7\u30fc\u30bf\u767b\u9332\u3092\u63a8\u9032\u3059\u308b\u305f\u3081\u306e\u30c7\u30fc\u30bf\u767b\u9332\u30ac\u30a4\u30c0\u30f3\u30b9\u30fb\u767b\u9332\u7533\u8acb\u66f8\u306e\u4f5c\u6210\u3084\u3001\u9069\u5207\u306a\u30c7\u30fc\u30bf\u5229\u6d3b\u7528\u3092\u63a8\u9032\u3059\u308b\u305f\u3081\u306eMGeND\u30c7\u30fc\u30bf\u5229\u7528\u898f\u5b9a\u7b56\u5b9a\u3078\u306e\u63d0\u8a00\u7b49\u3092\u884c\u3063\u3066\u3044\u307e\u3059\u3002\u307e\u305f\u30012019\u5e74\u5ea6\u3088\u308a\u3001MGeND\u767b\u9332\u65b9\u6cd5\u306e\u7d39\u4ecb\u3084\u3001\u81e8\u5e8a\u30b2\u30ce\u30e0\u60c5\u5831\u306e\u5171\u6709\u7b49\u306b\u4fc2\u308bELSI\u7b49\u306b\u3064\u3044\u3066\u60c5\u5831\u5171\u6709\u3092\u884c\u3046\u3001\u300c\u30d2\u30c8\u30d0\u30ea\u30a2\u30f3\u30c8\u30c7\u30fc\u30bf\u7814\u7a76\u502b\u7406\u52c9\u5f37\u4f1a\u300d\u3092\u958b\u50ac\u3057\u3066\u3044\u307e\u3059\u3002<\/p>\n<p class=\"btn-project\"><a href=\"https:\/\/www.med.osaka-u.ac.jp\/pub\/eth\/amed-lecuture\/\">\u30d2\u30c8\u30d0\u30ea\u30a2\u30f3\u30c8\u30c7\u30fc\u30bf\u7814\u7a76\u502b\u7406\u52c9\u5f37\u4f1a<\/a><\/p>\n<p>\n\u3055\u3089\u306b\u3001\u56fd\u969b\u7684\u306a\u30c7\u30fc\u30bf\u5171\u6709\u3092\u63a8\u9032\u3059\u308b\u305f\u3081\u306e\u67a0\u7d44\u307f\u3067\u3042\u308b\u3001<a href=\"https:\/\/www.ga4gh.org\/\" target=\"_blank\" rel=\"noopener\">Global Alliance for Genomics and Health (GA4GH)<\/a> \u7b49\u3092\u901a\u3057\u305f\u56fd\u969b\u9023\u643a\u3078\u306e\u53c2\u753b\u3068\u3068\u3082\u306b\u3001\u65e5\u672c\u306e\u73fe\u72b6\u3092\u8e0f\u307e\u3048\u305f\u30ac\u30a4\u30c9\u30e9\u30a4\u30f3\u3084\u30dd\u30ea\u30b7\u30fc\u7b49\u306e\u7b56\u5b9a\u3092\u76ee\u6307\u3057\u3066\u3044\u307e\u3059\u3002\u305d\u306e\u305f\u3081\u56fd\u5185\u5916\u306e\u30d0\u30ea\u30a2\u30f3\u30c8\u30fb\u75be\u60a3\u95a2\u9023\u30c7\u30fc\u30bf\u30d9\u30fc\u30b9\u306e\u30c7\u30fc\u30bf\u5171\u6709\u306b\u95a2\u3059\u308b\u898f\u5b9a\u306b\u95a2\u3059\u308b\u8abf\u67fb\u30fb\u5206\u6790\u306b\u3088\u308a\u73fe\u72b6\u306e\u628a\u63e1\u3068\u8ab2\u984c\u3092\u691c\u8a0e\u3092\u884c\u3044\u3001\u30c7\u30fc\u30bf\u30d9\u30fc\u30b9\u306e\u6a19\u6e96\u30c7\u30fc\u30bf\u5171\u6709\u30dd\u30ea\u30b7\u30fc\u7b49\u3092\u7b56\u5b9a\u3059\u308b\u4e8b\u3092\u76ee\u6a19\u306b\u9032\u3081\u3066\u3044\u307e\u3059\u3002\u3053\u306e\u7814\u7a76\u306f\u30012019\u5e743\u6708\u4ed8\u3067GA4GH\u306e\u57fa\u5e79\u30d7\u30ed\u30b8\u30a7\u30af\u30c8\uff08\u30c9\u30e9\u30a4\u30d0\u30fc\u30d7\u30ed\u30b8\u30a7\u30af\u30c8\uff09\u306e\u4e00\u3064\u3068\u3057\u3066\u6307\u5b9a\u3092\u53d7\u3051\u305f\u3001\u65e5\u672c\u306e\u30b2\u30ce\u30e0\u533b\u7642\u5b9f\u73fe\u306b\u5411\u3051\u305fAMED\u306e\u6210\u679c\u3092\u7d71\u5408\u3059\u308b\u300c<a href=\"https:\/\/www.amed.go.jp\/aboutus\/collaboration\/ga4gh_gem_japan.html\" target=\"_blank\" rel=\"noopener\">GEM Japan<\/a>\u300d\u30d7\u30ed\u30b8\u30a7\u30af\u30c8\u306e\u4e00\u74b0\u3068\u3057\u3066\u53d6\u308a\u7d44\u3093\u3067\u3044\u308b\u3082\u306e\u3067\u3059\u3002<\/p>\n<p>\u203b1 \u56fd\u7acb\u7814\u7a76\u958b\u767a\u6cd5\u4eba\u65e5\u672c\u533b\u7642\u7814\u7a76\u958b\u767a\u6a5f\u69cb<\/p>\n<h3>\u5b9f\u65bd\u4f53\u5236<\/h3>\n<p class=\"m-b-0\"><strong>\u30e1\u30f3\u30d0\u30fc<\/strong><\/p>\n<p class=\"p-24\">\u52a0\u85e4 \u548c\u4eba (\u5927\u962a\u5927\u5b66\u5927\u5b66\u9662\u533b\u5b66\u7cfb\u7814\u7a76\u79d1\u30fb\u6559\u6388)<br \/>\n\u5c71\ufa11 \u5343\u91cc (\u5927\u962a\u5927\u5b66\u5927\u5b66\u9662\u533b\u5b66\u7cfb\u7814\u7a76\u79d1\u30fb\u7279\u4efb\u7814\u7a76\u54e1)<br \/>\n\u5c71\u672c \u5948\u6d25\u5b50 (\u5927\u962a\u5927\u5b66\u30c7\u30fc\u30bf\u30d3\u30ea\u30c6\u30a3\u30d5\u30ed\u30f3\u30c6\u30a3\u30a2\u6a5f\u69cb\u30fb\u7279\u4efb\u8b1b\u5e2b)<br \/>\n\u5927\u6a4b \u7bc4\u5b50 (\u5927\u962a\u5927\u5b66\u30c7\u30fc\u30bf\u30d3\u30ea\u30c6\u30a3\u30d5\u30ed\u30f3\u30c6\u30a3\u30a2\u6a5f\u69cb\u30fb\u7279\u4efb\u52a9\u6559)<\/p>\n<h3>\u4e3b\u306a\u7814\u7a76\u6210\u679c<\/h3>\n<p><strong>\u2460\u5b66\u8853\u96d1\u8a8c\u7b49\u306b\u304a\u3051\u308b\u8ad6\u6587\u767a\u8868<\/strong><\/p>\n<ol>\n<li>\u85e4\u7530\u5353\u4ed9, <span style=\"text-decoration: underline;\">\u5c71\u672c\u5948\u6d25\u5b50<\/span>, \u7c73\u6751\u6ecb\u4eba. \u907a\u4f1d\/\u30b2\u30ce\u30e0\u60c5\u5831\u306e\u6539\u6b63\u500b\u4eba\u60c5\u5831\u4fdd\u8b77\u6cd5\u4e0a\u306e\u4f4d\u7f6e\u3065\u3051\u3068\u305d\u306e\u5f71\u97ff. \u60c5\u5831\u30cd\u30c3\u30c8\u30ef\u30fc\u30af\u30fb\u30ed\u30fc\u30ec\u30d3\u30e5\u30fc, 2017, Vol.15, 52-81.<\/li>\n<li><u>Yamamoto N<\/u>, Fujita T, Kawashima M, Wittig J, Suzuki M, <u>Kato K<\/u> \u201cThe inclusion of genomic data in the 2015 revision of Japan&#8217;s Protection of Personal Information Act: protection of wider range of genomic data as our next challenge.\u201d Journal of human genetics 63(4) 537-538, 29 January 2018<\/li>\n<li>Dyke SOM, Linden M, Lappalainen I, De Argila JR, Carey K, Lloyd D, Spalding JD, Cabili MN, Kerry G, Foreman J, Cutts T, Shabani M, Rodriguez LL, Haeussler M, Walsh B, Jiang X, Wang S, Perrett D, Boughtwood T, Matern A, Brookes AJ, Cupak M, Fiume M, Pandya R, Tulchinsky I, Scollen S, T\u00f6rnroos J, Das S, Evans AC, Malin BA, Beck S, Brenner SE, Nyr\u00f6nen T, Blomberg N, Firth HV, Hurles M, Philippakis AA, R\u00e4tsch G, Brudno M, Boycott KM, Rehm HL, Baudis M, Sherry ST, <u>Kato K<\/u>, Knoppers BM, Baker D, Flicek P, \u201cRegistered access: authorizing data access.\u201d, European Journal of Human Genetics, volume 26, pages1721\u20131731 (02 August 2018)<\/li>\n<li><u>\u5c71\u672c\u5948\u6d25\u5b50<\/u>\uff0c\u5ddd\u5d8b\u5b9f\u82d7\uff0c\u6e05\u6c34\u4f73\u5948\uff0c\u7247\u5c71\u4fca\u660e\uff0c\u837b\u5cf6\u5275\u4e00, \u300c\u3008\u7d9a\u3009\u6539\u6b63\u500b\u4eba\u60c5\u5831\u4fdd\u8b77\u6cd5\u3067\u30b2\u30ce\u30e0\u7814\u7a76\u306f\u3069\u3046\u5909\u308f\u308b\u304b? \u300d\u5b9f\u9a13\u533b\u5b66 36 No. 13(8\u6708\u53f7)2018, p2260 \u2013 2267<\/li>\n<li>O\u2019 Doherty K, Shabani K, Dove ES, <u>Kato K<\/u>, et al. \u201cToward better governance of human genomic data.\u201d, Nature Genetics, volume 53(1), pages 2-8 (07 Jan., 2021)<\/li>\n<li>&#8220;The Data Use Ontology to integrate and streamline access to ethically and legally diverse datasets.&#8221;, Moran N Cabili, Jonathan Lawson, Giselle Kerry, Tiffany Boughtwood ,Adrian Thorogood, Pinar Alper, Sarion R Bowers, Rebecca R Boyles, Anthony J. Brookes, Matthew Brush, Tony Burdett, Hayley Clissold ,Stacey Donnelly, Stephanie O.M. Dyke, Mallory Freeberg, Melissa Haendel, Francis Jeanson, Aina Jene, Chihiro Hata, Minae Kawashima, Shuichi Kawashima, Melissa Konopko, Irene Kyomugisha, Haoyuan Li, Mikael Linden. Laura Lyman Rodriguez, Mizuki Morita, Nicola Mulder, Jean Muller, Satoshi Nagaie, Jamal Nasir, Soichi Ogishima, Vivian Ota Wang, Laura D. Paglione, Ravi N. Pandya, Helen Parkinson, Anthony Philipakis, Fabian Prasser, Jordi Rambla, Kathy Reinold, Greg Rushton, Andrea Saltzman, Gary Saunders, Heidi J. Sofia, John D. Spalding, Morris A. Swertz; Ilia Tulchinsky; Esther J. van Enckevort; Susheel Varma; Craig Voisin; <u>Natsuko Yamamoto<\/u>; <u>Chisato Yamasaki<\/u>, Lyndon Zass, Jaime Guidry Auvil, Tommi Nyronen, M\u00e9lanie Courtot. Cell Genomics, volume1(2),100028,(10th Nov., 2021).<\/li>\n<li>\u201cGA4GH: building policies and standards for data sharing across genomic research and healthcare\u201d, Heidi L. Rehm, Angela J.H. Page, Lindsay Smith, Jeremy B. Adams, Gil Alterovitz, Lawrence J. Babb, Maxmillian P. Barkley, Michael Baudis, Michael J.S. Beauvais, Tim Beck, Jacques S. Beckmann, Sergi Beltran, David Bernick, Alexander Bernier, James K. Bonfield, Tiffany F. Boughtwood, Guillaume Bourque, Sarion R. Bowers, Anthony J. Brookes, Michael Brudno, Matthew H. Brush, David Bujold, Tony Burdett, Orion J. Buske, Moran N. Cabili, Daniel L. Cameron, Robert J. Carroll, Esmeralda Casas-Silva, Debyani Chakravarty, Bimal P. Chaudhari, Shu Hui Chen, J. Michael Cherry, Justina Chung, Melissa Cline, Robert M. Cook-Deegan, M\u00e9lanie Courtot, Miro Cupak, Robert M. Davies, Megan J. Doerr, Lena I. Dolman, Edward S. Dove, L. Jonathan Dursi, James A. Eddy, Karen Eilbeck, Kyle P. Ellrott, Susan Fairley, Khalid A. Fakhro, Helen V. Firth, Michael S. Fitzsimons, Marc Fiume, Paul Flicek, Ian M. Fore, Mallory A. Freeberg, Robert Freimuth, Clara L. Gaff, Weiniu Gan, Elena M. Ghanaim, David Glazer, Robert C. Green, Obi L. Griffith, Malachi Griffith, Robert L. Grossman, Tudor Groza, Jaime M. Guidry Auvi, Roderic Guig\u00f3, Roman Valls Guimera, Melissa A. Haendel, Ada Hamosh, Dean M. Hartley, David Haussler, Rachele M. Hendricks-Sturrup, Benjamin Hitz, Calvin W.L. Ho, Ashley E. Hobb, Michael M. Hoffman, Oliver M. Hofmann, Petr Holub, Jacob Shujui Hsu, Jean-Pierre Hubaux, Ammar Husami, Julius O. Jacobsen, Saumya S. Jamuar, Elizabeth L. Janes, Aina Jen\u00e9, Amber L. Johns, Yann Joly, Steven J.M. Jones, Alexander Kanitz, <u>Kazuto Kato<\/u>, Thomas M. Keane, Kristina Kekesi-Lafrance, Jerome Kelleher, Seik-Soon Khor, Bartha M. Knoppers, Melissa A. Konopko, Kenjiro Kosaki, Martin Kuba, Rasko Leinonen, Stephanie Li, Michael F. Lin, Mikael Linden, Xianglin Liu, Isuru Udara Liyanage, Anneke M. Lucassen, Michael Lukowski, Alice L. Mann, John Marshall, Michele Mattioni, Alejandro Metke-Jimenez, Anna Middleton, Richard J. Milne, Fruzsina Molnar-Gabor, Nicola Mulder, Monica C. Munoz-Torres, Rishi Nag, Hidewaki Nakagawa, Jamal Nasir90, Arcadi Navarro, Tristan H. Nelson, Ania Niewielska, Amy Nisselle, Tommi H. Nyr\u00f6nen, Brian D. O&#8217;Connor, Sabine Oesterle, Soichi Ogishima, Laura AD. Paglione, Emilio Palumbo, Anthony A. Philippakis, Angel D. Pizarro, Andreas Prlic, Jordi Rambla, Augusto Rendon, Renee A. Rider, Peter N. Robinson, Kurt A. Rodarmer, Laura Lyman Rodriguez, Alan F Rubin, Manuel Rueda, Rosalyn S. Ryan, Gary I. Saunders, Helen Schuilenburg, Torsten Schwede, Serena Scollen, Alexander Senf, Nathan C. Sheffield, Neerjah Skantharajah, Albert V. Smith, Heidi J. Sofia, Dylan Spalding, Amanda B. Spurdle, Zornitza Stark, Lincoln D. Stein, Makoto Suematsu, Patrick Tan, Jonathan A. Tedds, Alastair A. Thomson, Adrian Thorogood, Timothy L. Tickle, Katsushi Tokunaga, Juha T\u00f6rnroos, Sean Upchurch, Alfonso Valencia, Jessica Vamathevan, Susheel Varma, Danya F. Vears, Coby Viner, Craig Voisin, Alex H. Wagner, Susan E. Wallace, Brian P. Walsh, Vivian Ota Wang, Eva C. Winkler, Barbara J. Wold, J. Patrick Woolley, <u>Chisato Yamasaki<\/u>, Andrew D. Yates, Christina K. Yung, Lyndon J. Zass, Ksenia Zaytseva, Junjun Zhang, Peter Goodhand, Kathryn North, Ewan Birney. Cell Genomics, volume1(2),100029,(10th Nov., 2021).<\/li>\n<\/ol>\n<p><strong>\u2461\u5b66\u4f1a\u30fb\u30b7\u30f3\u30dd\u30b8\u30a6\u30e0\u7b49\u306b\u304a\u3051\u308b\u767a\u8868<\/strong><\/p>\n<p class=\"p-24\"><a href=\"https:\/\/www.med.osaka-u.ac.jp\/pub\/eth\/site-wp\/wp-content\/uploads\/2022\/03\/publications_2022.pdf\" target=\"_blank\" rel=\"noopener\">\u8a73\u7d30\u306f\u3053\u3061\u3089\u3092\u3054\u89a7\u4e0b\u3055\u3044\u3002<\/a><\/p>\n","protected":false},"excerpt":{"rendered":"<p>>>>\u30d2\u30c8\u30d0\u30ea\u30a2\u30f3\u30c8\u30c7\u30fc\u30bf\u7814\u7a76\u502b\u7406\u52c9\u5f37\u4f1a\u306b\u3064\u3044\u3066\u306f\u3053\u3061\u3089\u306e\u30da\u30fc\u30b8\u3092\u3054\u89a7\u4e0b\u3055\u3044\u3002 \u81e8\u5e8a\u30b2\u30ce\u30e0\u60c5\u5831\u306e\u5171\u6709\u7b49\u306b\u4fc2\u308bELSI\u3078\u306e\u5bfe\u5fdc \u30d2\u30c8\u30b2\u30ce\u30e0\u60c5\u5831\u3084\u81e8\u5e8a\u60c5\u5831\u306e\u5171\u6709\u30fb\u53d6\u6271\u3044\u3067\u306e\u9069\u5207\u306a\u5bfe\u5fdc\u7b49\u3001\u81e8\u5e8a\u30b2\u30ce\u30e0\u60c5\u5831\u306e\u5171\u6709\u3068\u30c7\u30fc\u30bf\u30d9\u30fc\u30b9\u69cb\u7bc9 [&hellip;]<\/p>\n","protected":false},"author":1,"featured_media":0,"parent":0,"menu_order":0,"comment_status":"closed","ping_status":"closed","template":"","meta":{"_acf_changed":false,"_locale":"ja","_original_post":"4090","footnotes":"","_links_to":"","_links_to_target":""},"class_list":["post-4090","page","type-page","status-publish","hentry","ja"],"acf":[],"_links":{"self":[{"href":"https:\/\/www.med.osaka-u.ac.jp\/pub\/eth\/wp-json\/wp\/v2\/pages\/4090","targetHints":{"allow":["GET"]}}],"collection":[{"href":"https:\/\/www.med.osaka-u.ac.jp\/pub\/eth\/wp-json\/wp\/v2\/pages"}],"about":[{"href":"https:\/\/www.med.osaka-u.ac.jp\/pub\/eth\/wp-json\/wp\/v2\/types\/page"}],"author":[{"embeddable":true,"href":"https:\/\/www.med.osaka-u.ac.jp\/pub\/eth\/wp-json\/wp\/v2\/users\/1"}],"replies":[{"embeddable":true,"href":"https:\/\/www.med.osaka-u.ac.jp\/pub\/eth\/wp-json\/wp\/v2\/comments?post=4090"}],"version-history":[{"count":39,"href":"https:\/\/www.med.osaka-u.ac.jp\/pub\/eth\/wp-json\/wp\/v2\/pages\/4090\/revisions"}],"predecessor-version":[{"id":6133,"href":"https:\/\/www.med.osaka-u.ac.jp\/pub\/eth\/wp-json\/wp\/v2\/pages\/4090\/revisions\/6133"}],"wp:attachment":[{"href":"https:\/\/www.med.osaka-u.ac.jp\/pub\/eth\/wp-json\/wp\/v2\/media?parent=4090"}],"curies":[{"name":"wp","href":"https:\/\/api.w.org\/{rel}","templated":true}]}}