{"id":15,"date":"2015-05-18T16:40:23","date_gmt":"2015-05-18T07:40:23","guid":{"rendered":"https:\/\/www.med.osaka-u.ac.jp\/pub\/twin\/en\/?page_id=15"},"modified":"2025-04-01T11:00:48","modified_gmt":"2025-04-01T02:00:48","slug":"access","status":"publish","type":"page","link":"https:\/\/www.med.osaka-u.ac.jp\/pub\/twin\/en\/about\/access\/","title":{"rendered":"Access"},"content":{"rendered":"<h2>Access to the University of Osaka Suita Campus<\/h2><p><img loading=\"lazy\" decoding=\"async\" class=\"aligncenter wp-image-162 size-full\" src=\"https:\/\/www.med.osaka-u.ac.jp\/pub\/twin\/en\/wp-content\/uploads\/sites\/2\/2015\/05\/access_map1.png\" alt=\"\" width=\"681\" height=\"407\" srcset=\"https:\/\/www.med.osaka-u.ac.jp\/pub\/twin\/en\/wp-content\/uploads\/sites\/2\/2015\/05\/access_map1.png 681w, https:\/\/www.med.osaka-u.ac.jp\/pub\/twin\/en\/wp-content\/uploads\/sites\/2\/2015\/05\/access_map1-300x179.png 300w\" sizes=\"auto, (max-width: 681px) 100vw, 681px\" \/><br \/><a href=\"https:\/\/www.google.com\/maps\/place\/%E5%8C%BB%E5%AD%A6%E9%83%A8%E4%BF%9D%E5%81%A5%E5%AD%A6%E7%A7%91\/@34.8171871,135.5234155,16z\/data=!4m5!1m2!2m1!1z5aSn6Ziq5bqc5ZC555Sw5biC5bGx55Sw5LiYMS0344CA5aSn6Ziq5aSn5a2m44OE44Kk44Oz44Oq44K144O844OB44K744Oz44K_44O8!3m1!1s0x0000000000000000:0x419aded355e71a34?hl=ja-JP\" target=\"_blank\" rel=\"noopener\">Google Map<\/a><\/p><h2>Suita Campus<\/h2><p><img loading=\"lazy\" decoding=\"async\" class=\"aligncenter wp-image-240 size-full\" src=\"https:\/\/www.med.osaka-u.ac.jp\/pub\/twin\/en\/wp-content\/uploads\/sites\/2\/2020\/03\/access_map02_2.png\" alt=\"\" width=\"680\" height=\"400\" srcset=\"https:\/\/www.med.osaka-u.ac.jp\/pub\/twin\/en\/wp-content\/uploads\/sites\/2\/2020\/03\/access_map02_2.png 680w, https:\/\/www.med.osaka-u.ac.jp\/pub\/twin\/en\/wp-content\/uploads\/sites\/2\/2020\/03\/access_map02_2-200x118.png 200w\" sizes=\"auto, (max-width: 680px) 100vw, 680px\" \/><\/p><h2>Access from nearby areas<\/h2><h3>By the Osaka monorail(from Senri-Ch\u016b\u014d station, Osaka Itami Airport, etc.)<\/h3><ul><li>Take the monorail to the Expo \u201970s Commemoration park and change for another monorail going to Saito-nishi. Get off at the Osaka University Medical Hospital. The station is located at the edge of the campus and it takes roughly 10 minutes to get to the Center.<\/li><\/ul><h3>From JR Ibaraki station and Hanky\u016b Ibaraki station<\/h3><ul><li>Take the Kintetsu bus going to Handai honbu-mae and get off at Handai honbu-mae. The Center is less than a 5-minute walk away.<\/li><\/ul><h2>Access from further away<\/h2><h3>From the Kansai International Airport (KIX)<\/h3><ul><li>Take the JR-line to Tenn\u014dji, change for the subway Mid\u014dsuji-line and go to Senri-ch\u016b\u014d (last stop). Change for the Osaka monorail and follow the instructions on \u201dBy the Osaka Monorail\u201d above.<\/li><\/ul><h3>From the Shin-Osaka station<\/h3><ul><li>Take the subway Mid\u014dsuji-line to Senri-ch\u016b\u014d (last stop). Change for the Osaka monorail and follow the instructions in \u201dBy the Osaka Monorail\u201d above.<\/li><\/ul><h2>Visiting address<\/h2><p>Center for Twin Research, Osaka University Graduate School of Medicine<br \/>Department of Allied Health Sciences building, 3rd floor<br \/>1-7 Yamadaoka, Suita-shi, Osaka-fu<\/p>","protected":false},"excerpt":{"rendered":"<p>Access to the University of Osaka Suita CampusGoogle MapSuita CampusAccess from nearby areasBy the Osaka monor [&hellip;]<\/p>\n","protected":false},"author":2,"featured_media":0,"parent":8,"menu_order":6,"comment_status":"closed","ping_status":"closed","template":"","meta":{"_acf_changed":false,"footnotes":"","_links_to":"","_links_to_target":""},"class_list":["post-15","page","type-page","status-publish","hentry"],"acf":[],"_links":{"self":[{"href":"https:\/\/www.med.osaka-u.ac.jp\/pub\/twin\/en\/wp-json\/wp\/v2\/pages\/15","targetHints":{"allow":["GET"]}}],"collection":[{"href":"https:\/\/www.med.osaka-u.ac.jp\/pub\/twin\/en\/wp-json\/wp\/v2\/pages"}],"about":[{"href":"https:\/\/www.med.osaka-u.ac.jp\/pub\/twin\/en\/wp-json\/wp\/v2\/types\/page"}],"author":[{"embeddable":true,"href":"https:\/\/www.med.osaka-u.ac.jp\/pub\/twin\/en\/wp-json\/wp\/v2\/users\/2"}],"replies":[{"embeddable":true,"href":"https:\/\/www.med.osaka-u.ac.jp\/pub\/twin\/en\/wp-json\/wp\/v2\/comments?post=15"}],"version-history":[{"count":0,"href":"https:\/\/www.med.osaka-u.ac.jp\/pub\/twin\/en\/wp-json\/wp\/v2\/pages\/15\/revisions"}],"up":[{"embeddable":true,"href":"https:\/\/www.med.osaka-u.ac.jp\/pub\/twin\/en\/wp-json\/wp\/v2\/pages\/8"}],"wp:attachment":[{"href":"https:\/\/www.med.osaka-u.ac.jp\/pub\/twin\/en\/wp-json\/wp\/v2\/media?parent=15"}],"curies":[{"name":"wp","href":"https:\/\/api.w.org\/{rel}","templated":true}]}}